{"id":7885,"date":"2026-02-04T20:54:46","date_gmt":"2026-02-04T23:54:46","guid":{"rendered":"https:\/\/ushuaiaecopledge.com.ar\/?page_id=7885"},"modified":"2026-04-20T12:58:13","modified_gmt":"2026-04-20T15:58:13","slug":"calculadora","status":"publish","type":"page","link":"https:\/\/ushuaiaecopledge.com.ar\/en\/calculadora\/","title":{"rendered":"Calculadora"},"content":{"rendered":"<div data-elementor-type=\"wp-page\" data-elementor-id=\"7885\" class=\"elementor elementor-7885\" data-elementor-post-type=\"page\">\n\t\t\t\t\t\t<section data-dce-background-overlay-color=\"#000000\" class=\"elementor-section elementor-top-section elementor-element elementor-element-e15ba88 elementor-section-full_width elementor-section-height-min-height elementor-section-stretched elementor-section-height-default elementor-section-items-middle\" data-id=\"e15ba88\" data-element_type=\"section\" data-e-type=\"section\" data-settings=\"{&quot;background_background&quot;:&quot;video&quot;,&quot;background_video_link&quot;:&quot;https:\\\/\\\/ushuaiaecopledge.com.ar\\\/wp-content\\\/uploads\\\/2025\\\/01\\\/Costa-USHUAIA-comprimido.mp4&quot;,&quot;background_play_on_mobile&quot;:&quot;yes&quot;,&quot;stretch_section&quot;:&quot;section-stretched&quot;}\">\n\t\t\t\t\t\t\t\t<div class=\"elementor-background-video-container\">\n\t\t\t\t\t\t\t\t\t\t\t\t\t<video class=\"elementor-background-video-hosted\" role=\"presentation\" autoplay muted playsinline loop><\/video>\n\t\t\t\t\t\t\t\t\t\t\t<\/div>\n\t\t\t\t\t\t\t\t\t<div class=\"elementor-background-overlay\"><\/div>\n\t\t\t\t\t\t\t<div class=\"elementor-container elementor-column-gap-no\">\n\t\t\t\t\t<div class=\"elementor-column elementor-col-100 elementor-top-column elementor-element elementor-element-930b1a2\" data-id=\"930b1a2\" data-element_type=\"column\" data-e-type=\"column\">\n\t\t\t<div class=\"elementor-widget-wrap elementor-element-populated\">\n\t\t\t\t\t\t<div class=\"elementor-element elementor-element-b2eaab2 elementor-widget elementor-widget-heading\" data-id=\"b2eaab2\" data-element_type=\"widget\" data-e-type=\"widget\" data-widget_type=\"heading.default\">\n\t\t\t\t<div class=\"elementor-widget-container\">\n\t\t\t\t\t<h2 class=\"elementor-heading-title elementor-size-default\">Calculate your plastic footprint<\/h2>\t\t\t\t<\/div>\n\t\t\t\t<\/div>\n\t\t\t\t\t<\/div>\n\t\t<\/div>\n\t\t\t\t\t<\/div>\n\t\t<\/section>\n\t\t<div class=\"elementor-element elementor-element-644a62c e-flex e-con-boxed e-con e-parent\" data-id=\"644a62c\" data-element_type=\"container\" data-e-type=\"container\">\n\t\t\t\t\t<div class=\"e-con-inner\">\n\t\t\t\t<div class=\"elementor-element elementor-element-f9a0ae9 elementor-widget elementor-widget-html\" data-id=\"f9a0ae9\" data-element_type=\"widget\" data-e-type=\"widget\" data-widget_type=\"html.default\">\n\t\t\t\t<div class=\"elementor-widget-container\">\n\t\t\t\t\t<div id=\"plastic-calculator\">\r\n\r\n<h2 class=\"pc-title\">\ud83c\udf0e Plastic Footprint Calculator<\/h2>\r\n<p class=\"pc-sub\"> Discover your plastic footprint and help us measure the impact to create real solutions. <\/p>\r\n\r\n<form id=\"calcForm\" action=\"\">\r\n<div class=\"pc-columns\">\r\n\r\n<!-- COLUMNA IZQUIERDA -->\r\n<div class=\"pc-col\">\r\n\r\n<h3>\u2708 Flights<\/h3>\r\n<div class=\"pc-table\">\r\n<div class=\"pc-row\"><div class=\"pc-label\">Foam coffee cup<\/div><div class=\"pc-input\"><input type=\"number\" data-weight=\"4\" data-sector=\"A\u00e9reo\" min=\"0\" value=\"0\"><\/div><\/div>\r\n<div class=\"pc-row\"><div class=\"pc-label\">Disposable cup<\/div><div class=\"pc-input\"><input type=\"number\" data-weight=\"8\" data-sector=\"A\u00e9reo\" min=\"0\" value=\"0\"><\/div><\/div>\r\n<div class=\"pc-row\"><div class=\"pc-label\">Coffee stirrer set<\/div><div class=\"pc-input\"><input type=\"number\" data-weight=\"2\" data-sector=\"A\u00e9reo\" min=\"0\" value=\"0\"><\/div><\/div>\r\n<div class=\"pc-row\"><div class=\"pc-label\">Snack wrapper<\/div><div class=\"pc-input\"><input type=\"number\" data-weight=\"5\" data-sector=\"A\u00e9reo\" min=\"0\" value=\"0\"><\/div><\/div>\r\n<\/div>\r\n\r\n<h3>\ud83c\udfe8 Accomodataion<\/h3>\r\n<div class=\"pc-table\">\r\n<div class=\"pc-row\"><div class=\"pc-label\">Travel size toiletry bottle<\/div><div class=\"pc-input\"><input type=\"number\" data-weight=\"8\" data-sector=\"Hoteler\u00eda\" min=\"0\" value=\"0\"><\/div><\/div>\r\n<div class=\"pc-row\"><div class=\"pc-label\">Shower cup<\/div><div class=\"pc-input\"><input type=\"number\" data-weight=\"5\" data-sector=\"Hoteler\u00eda\" min=\"0\" value=\"0\"><\/div><\/div>\r\n<div class=\"pc-row\"><div class=\"pc-label\">Laundry plastic bag<\/div><div class=\"pc-input\"><input type=\"number\" data-weight=\"10\" data-sector=\"Hoteler\u00eda\" min=\"0\" value=\"0\"><\/div><\/div>\r\n<div class=\"pc-row\"><div class=\"pc-label\">Single-serve butter, cream, jam, etc<\/div><div class=\"pc-input\"><input type=\"number\" data-weight=\"6\" data-sector=\"Hoteler\u00eda\" min=\"0\" value=\"0\"><\/div><\/div>\r\n<div class=\"pc-row\"><div class=\"pc-label\">Disposable coffee capsule<\/div><div class=\"pc-input\"><input type=\"number\" data-weight=\"5\" data-sector=\"Hoteler\u00eda\" min=\"0\" value=\"0\"><\/div><\/div>\r\n<div class=\"pc-row\"><div class=\"pc-label\">Small plastic bottle (5ooml)<\/div><div class=\"pc-input\"><input type=\"number\" data-weight=\"12\" data-sector=\"Hoteler\u00eda\" min=\"0\" value=\"0\"><\/div><\/div>\r\n<\/div>\r\n\r\n<h3>\ud83c\udf7d\ufe0f Restaurants<\/h3>\r\n<div class=\"pc-table\">\r\n<div class=\"pc-row\"><div class=\"pc-label\">Takeaway coffee cup<\/div><div class=\"pc-input\"><input type=\"number\" data-weight=\"15\" data-sector=\"Gastronom\u00eda\" min=\"0\" value=\"0\"><\/div><\/div>\r\n<div class=\"pc-row\"><div class=\"pc-label\">Plastic disposable cutlerly<\/div><div class=\"pc-input\"><input type=\"number\" data-weight=\"12\" data-sector=\"Gastronom\u00eda\" min=\"0\" value=\"0\"><\/div><\/div>\r\n<div class=\"pc-row\"><div class=\"pc-label\">Takeaway food container<\/div><div class=\"pc-input\"><input type=\"number\" data-weight=\"30\" data-sector=\"Gastronom\u00eda\" min=\"0\" value=\"0\"><\/div><\/div>\r\n<div class=\"pc-row\"><div class=\"pc-label\">Plastic straw<\/div><div class=\"pc-input\"><input type=\"number\" data-weight=\"1\" data-sector=\"Gastronom\u00eda\" min=\"0\" value=\"0\"><\/div><\/div>\r\n<div class=\"pc-row\"><div class=\"pc-label\">Small plastic bottle (5ooml)<\/div><div class=\"pc-input\"><input type=\"number\" data-weight=\"12\" data-sector=\"Gastronom\u00eda\" min=\"0\" value=\"0\"><\/div><\/div>\r\n<div class=\"pc-row\"><div class=\"pc-label\">Disposable cup<\/div><div class=\"pc-input\"><input type=\"number\" data-weight=\"8\" data-sector=\"Gastronom\u00eda\" min=\"0\" value=\"0\"><\/div><\/div>\r\n<div class=\"pc-row\"><div class=\"pc-label\">Foam coffee cup<\/div><div class=\"pc-input\"><input type=\"number\" data-weight=\"4\" data-sector=\"Gastronom\u00eda\" min=\"0\" value=\"0\"><\/div><\/div>\r\n<div class=\"pc-row\"><div class=\"pc-label\">Condiment packet<\/div><div class=\"pc-input\"><input type=\"number\" data-weight=\"1\" data-sector=\"Gastronom\u00eda\" min=\"0\" value=\"0\"><\/div><\/div>\r\n<div class=\"pc-row\"><div class=\"pc-label\">Disposable coffee capsule<\/div><div class=\"pc-input\"><input type=\"number\" data-weight=\"5\" data-sector=\"Gastronom\u00eda\" min=\"0\" value=\"0\"><\/div><\/div>\r\n<\/div>\r\n\r\n<\/div>\r\n\r\n<!-- COLUMNA DERECHA -->\r\n<div class=\"pc-col\">\r\n\r\n<h3>\ud83e\uddfa Tours<\/h3>\r\n<div class=\"pc-table\">\r\n<div class=\"pc-row\"><div class=\"pc-label\">Small plastic bottle (5ooml)<\/div><div class=\"pc-input\"><input type=\"number\" data-weight=\"12\" data-sector=\"Excursiones\" min=\"0\" value=\"0\"><\/div><\/div>\r\n<div class=\"pc-row\"><div class=\"pc-label\">Takeaway meal box<\/div><div class=\"pc-input\"><input type=\"number\" data-weight=\"30\" data-sector=\"Excursiones\" min=\"0\" value=\"0\"><\/div><\/div>\r\n<div class=\"pc-row\"><div class=\"pc-label\">Plastic disposable cutlerly<\/div><div class=\"pc-input\"><input type=\"number\" data-weight=\"12\" data-sector=\"Excursiones\" min=\"0\" value=\"0\"><\/div><\/div>\r\n<div class=\"pc-row\"><div class=\"pc-label\">Foam coffee cup<\/div><div class=\"pc-input\"><input type=\"number\" data-weight=\"4\" data-sector=\"Excursiones\" min=\"0\" value=\"0\"><\/div><\/div>\r\n<div class=\"pc-row\"><div class=\"pc-label\">Disposable cup<\/div><div class=\"pc-input\"><input type=\"number\" data-weight=\"8\" data-sector=\"Excursiones\" min=\"0\" value=\"0\"><\/div><\/div>\r\n<div class=\"pc-row\"><div class=\"pc-label\">Condiment packet<\/div><div class=\"pc-input\"><input type=\"number\" data-weight=\"1\" data-sector=\"Excursiones\" min=\"0\" value=\"0\"><\/div><\/div>\r\n<div class=\"pc-row\"><div class=\"pc-label\">Snack wrapper<\/div><div class=\"pc-input\"><input type=\"number\" data-weight=\"3\" data-sector=\"Excursiones\" min=\"0\" value=\"0\"><\/div><\/div>\r\n<\/div>\r\n\r\n<h3>\ud83d\udecd\ufe0f Shopping<\/h3>\r\n<div class=\"pc-table\">\r\n<div class=\"pc-row\"><div class=\"pc-label\">Plastic shopping bag<\/div><div class=\"pc-input\"><input type=\"number\" data-weight=\"10\" data-sector=\"Comercios\" min=\"0\" value=\"0\"><\/div><\/div>\r\n<\/div>\r\n\r\n<h3>\ud83d\udc64 Personal Use<\/h3>\r\n<div class=\"pc-table\">\r\n<div class=\"pc-row\"><div class=\"pc-label\">Small plastic bottle (5ooml)<\/div><div class=\"pc-input\"><input type=\"number\" data-weight=\"3\" data-sector=\"Uso personal\" min=\"0\" value=\"0\"><\/div><\/div>\r\n<div class=\"pc-row\"><div class=\"pc-label\">Large plastic bottle (1l)<\/div><div class=\"pc-input\"><input type=\"number\" data-weight=\"25\" data-sector=\"Uso personal\" min=\"0\" value=\"0\"><\/div><\/div>\r\n<\/div>\r\n\r\n<h3>\ud83d\udea2 Cruises<\/h3>\r\n<div class=\"pc-table\">\r\n<div class=\"pc-row\"><div class=\"pc-label\">Travel size toiletry bottle<\/div><div class=\"pc-input\"><input type=\"number\" data-weight=\"8\" data-sector=\"Cruceros\" min=\"0\" value=\"0\"><\/div><\/div>\r\n<div class=\"pc-row\"><div class=\"pc-label\">Shower cup<\/div><div class=\"pc-input\"><input type=\"number\" data-weight=\"5\" data-sector=\"Cruceros\" min=\"0\" value=\"0\"><\/div><\/div>\r\n<div class=\"pc-row\"><div class=\"pc-label\">Plastic shopping bag<\/div><div class=\"pc-input\"><input type=\"number\" data-weight=\"10\" data-sector=\"Cruceros\" min=\"0\" value=\"0\"><\/div><\/div>\r\n<div class=\"pc-row\"><div class=\"pc-label\">Single-serve butter, cream, jam, etc<\/div><div class=\"pc-input\"><input type=\"number\" data-weight=\"6\" data-sector=\"Cruceros\" min=\"0\" value=\"0\"><\/div><\/div>\r\n<div class=\"pc-row\"><div class=\"pc-label\">Small plastic bottle (5ooml)<\/div><div class=\"pc-input\"><input type=\"number\" data-weight=\"12\" data-sector=\"Cruceros\" min=\"0\" value=\"0\"><\/div><\/div>\r\n<div class=\"pc-row\"><div class=\"pc-label\">Foam coffee cup<\/div><div class=\"pc-input\"><input type=\"number\" data-weight=\"4\" data-sector=\"Cruceros\" min=\"0\" value=\"0\"><\/div><\/div>\r\n<div class=\"pc-row\"><div class=\"pc-label\">Plastic straw<\/div><div class=\"pc-input\"><input type=\"number\" data-weight=\"1\" data-sector=\"Cruceros\" min=\"0\" value=\"0\"><\/div><\/div>\r\n<div class=\"pc-row\"><div class=\"pc-label\">Plastic disposable cutlerly<\/div><div class=\"pc-input\"><input type=\"number\" data-weight=\"12\" data-sector=\"Cruceros\" min=\"0\" value=\"0\"><\/div><\/div>\r\n<div class=\"pc-row\"><div class=\"pc-label\">Disposable cup<\/div><div class=\"pc-input\"><input type=\"number\" data-weight=\"8\" data-sector=\"Cruceros\" min=\"0\" value=\"0\"><\/div><\/div>\r\n<div class=\"pc-row\"><div class=\"pc-label\">Takeaway meal box<\/div><div class=\"pc-input\"><input type=\"number\" data-weight=\"30\" data-sector=\"Cruceros\" min=\"0\" value=\"0\"><\/div><\/div>\r\n<\/div>\r\n\r\n<\/div>\r\n<\/div>\r\n<input type=\"hidden\" name=\"trp-form-language\" value=\"en\"\/><\/form>\r\n\r\n<div style=\"text-align:center;margin-top:25px;\">\r\n  <button type=\"button\" onclick=\"calcPlastic()\" style=\"padding:12px 25px;background:#2e7d32;color:white;border:none;border-radius:8px;font-size:16px;cursor:pointer;\">\r\n    Calculate my footprint\r\n  <\/button>\r\n  <button id=\"resetBtn\" type=\"button\" onclick=\"resetCalc()\" style=\"display:none;padding:10px 20px;background:#777;color:white;border:none;border-radius:8px;font-size:14px;margin-left:10px;cursor:pointer;\">\r\n    Reset\r\n  <\/button>\r\n<\/div>\r\n\r\n<div id=\"result\" style=\"margin-top:25px;font-size:20px;font-weight:bold;text-align:center;\"><\/div>\r\n<div id=\"equivalences\" style=\"margin-top:10px;font-size:15px;text-align:center;color:#444;\"><\/div>\r\n\r\n<div id=\"actions\" style=\"display:none;text-align:center;margin-top:20px;\">\r\n  <a href=\"https:\/\/ushuaiaecopledge.com.ar\/en\/\" style=\"background:#1565c0;color:white;padding:10px 18px;border-radius:8px;text-decoration:none;margin-right:10px;\">\ud83d\udc9a Offset my footprint<\/a>\r\n  <a href=\"https:\/\/ushuaiaecopledge.com.ar\/en\/#FormularioCompromiso\" style=\"background:#00897b;color:white;padding:10px 18px;border-radius:8px;text-decoration:none;\">\u270d Join the commitment<\/a>\r\n<\/div>\r\n\r\n<p style=\"margin-top:35px;font-size:12px;color:gray;text-align:center;\">\r\n\u267b\ufe0f This calculator is based on average market weights and an estimation model derived from international studies on tourism-related plastic footprint. The results are not a direct scientific measurement, but an indicative estimate intended to raise awareness and help reduce environmental impact.\r\n<br><br>\r\n<b>\ud83c\udf31 Calculator developed by <a href=\"https:\/\/ushuaiaecopledge.com.ar\/en\/\" target=\"_blank\">Ushuaia Eco Pledge<\/a><br>\r\nIniciativa de turismo responsable para la reducci\u00f3n de la huella pl\u00e1stica en Tierra del Fuego.<\/b>\r\n<\/p>\r\n\r\n<\/div>\r\n\r\n<style>\r\n#plastic-calculator {max-width:1000px;margin:auto;font-family:sans-serif;background:#f4f9f6;padding:25px;border-radius:12px;box-shadow:0 0 10px rgba(0,0,0,0.05);}\r\n.pc-title{text-align:center;color:#1b5e20;}\r\n.pc-sub{text-align:center;margin-bottom:20px;}\r\n.pc-columns{display:flex;gap:60px;align-items:flex-start;}\r\n.pc-col{flex:1;min-width:320px;}\r\n.pc-col h3{margin-top:22px;margin-bottom:8px;}\r\n.pc-col h3:first-child{margin-top:0;}\r\n.pc-table{display:table;width:70%;border-collapse:collapse;}\r\n.pc-row{display:table-row;}\r\n.pc-label{display:table-cell;padding:2px 2px 2px 0;font-size:14px;vertical-align:middle;}\r\n.pc-input{display:table-cell;width:70px;text-align:right;}\r\n.pc-input input{width:60px !important;height:22px !important;padding:2px 4px !important;font-size:14px !important;text-align:center !important;margin:0 !important;}\r\n\r\n\/* MOBILE *\/\r\n@media (max-width: 600px) {\r\n  #actions {\r\n    display: flex;\r\n    flex-direction: column;\r\n    align-items: center;\r\n  }\r\n\r\n  #actions a {\r\n    display: block;\r\n    width: 100%;\r\n    text-align: center;\r\n    margin-bottom: 12px; \/* \ud83d\udc48 espacio entre botones *\/\r\n  }\r\n\r\n  #actions a:last-child {\r\n    margin-bottom: 0; \/* evita espacio extra abajo *\/\r\n  }\r\n}\r\n<\/style>\r\n\r\n<script>\r\nfunction calcPlastic(){\r\n  let totals = {};\r\n  let totalGrams = 0;\r\n\r\n  document.querySelectorAll('#calcForm input[type=\"number\"]').forEach(input=>{\r\n    let weight = parseFloat(input.dataset.weight);\r\n    let sector = input.dataset.sector;\r\n    let qty = parseFloat(input.value) || 0;\r\n    let grams = weight * qty;\r\n\r\n    totalGrams += grams;\r\n    if(!totals[sector]) totals[sector] = 0;\r\n    totals[sector] += grams;\r\n  });\r\n\r\n  let totalKg = (totalGrams\/1000).toFixed(2);\r\n\r\n let lang = document.documentElement.lang;\r\n\r\nlet text = lang.startsWith(\"en\")\r\n  ? \"\ud83c\udf0d Your estimated plastic footprint is\"\r\n  : \"\ud83c\udf0d Tu huella pl\u00e1stica estimada es\";\r\n\r\ndocument.getElementById(\"result\").innerHTML =\r\n  `${text} <span style=\"color:#2e7d32\">${totalKg} kg<\/span> \u267b\ufe0f`;\r\n\r\n  let bottles = Math.round(totalGrams\/12);\r\n\r\ndocument.getElementById(\"equivalences\").innerHTML =\r\n  `<span class=\"eq-text\">\r\n    \ud83e\uddf4 Equivale aproximadamente a <b>${bottles}<\/b> botellas pl\u00e1sticas de 500ml\r\n  <\/span>`;\r\n\r\n  \/\/ Mostrar y ocultar botones\r\n  document.getElementById(\"resetBtn\").style.display=\"inline-block\";\r\n  document.getElementById(\"actions\").style.display=\"block\";\r\n  document.querySelector('button[onclick=\"calcPlastic()\"]').style.display=\"none\";\r\n\r\n  \/\/ GUARDAR + ENVIAR MAIL\r\n  fetch(\"\/wp-admin\/admin-ajax.php\", {\r\n    method: \"POST\",\r\n    headers: {\"Content-Type\":\"application\/x-www-form-urlencoded\"},\r\n    body: \"action=save_plastic_result\" +\r\n          \"&total_kg=\" + totalKg +\r\n          \"&sectors=\" + encodeURIComponent(JSON.stringify(totals)) +\r\n          \"&send_email=1\"\r\n  });\r\n}\r\n\r\nfunction resetCalc(){\r\n  document.querySelectorAll('#calcForm input[type=\"number\"]').forEach(i=>i.value=0);\r\n\r\n  document.getElementById(\"result\").innerHTML=\"\";\r\n  document.getElementById(\"equivalences\").innerHTML=\"\";\r\n  document.getElementById(\"actions\").style.display=\"none\";\r\n\r\n  \/\/ Restaurar botones\r\n  document.getElementById(\"resetBtn\").style.display=\"none\";\r\n  document.querySelector('button[onclick=\"calcPlastic()\"]').style.display=\"inline-block\";\r\n}\r\n<\/script>\r\n\t\t\t\t<\/div>\n\t\t\t\t<\/div>\n\t\t\t\t\t<\/div>\n\t\t\t\t<\/div>\n\t\t\t\t<\/div>","protected":false},"excerpt":{"rendered":"<p>Calcul\u00e1 tu huella pl\u00e1stica &#x1f30e; Calculadora Huella Pl\u00e1stica Descubr\u00ed tu huella y ayudanos a medir el impacto para impulsar soluciones reales. &#x2708; A\u00e9reo Vaso telgopor Vaso descartable Pack revolvedor \/ Leche en polvo y az\u00facar Paquete Snack &#x1f3e8; Hoteler\u00eda Frasco peque\u00f1os shampoo, crema, loci\u00f3n, otros Gorro de ducha Bolsa pl\u00e1stica lavander\u00eda Envase individual manteca, mermelada, [&hellip;]<\/p>","protected":false},"author":3,"featured_media":0,"parent":0,"menu_order":0,"comment_status":"closed","ping_status":"closed","template":"","meta":{"give_campaign_id":0,"footnotes":""},"class_list":["post-7885","page","type-page","status-publish","hentry"],"campaignId":"","_links":{"self":[{"href":"https:\/\/ushuaiaecopledge.com.ar\/en\/wp-json\/wp\/v2\/pages\/7885","targetHints":{"allow":["GET"]}}],"collection":[{"href":"https:\/\/ushuaiaecopledge.com.ar\/en\/wp-json\/wp\/v2\/pages"}],"about":[{"href":"https:\/\/ushuaiaecopledge.com.ar\/en\/wp-json\/wp\/v2\/types\/page"}],"author":[{"embeddable":true,"href":"https:\/\/ushuaiaecopledge.com.ar\/en\/wp-json\/wp\/v2\/users\/3"}],"replies":[{"embeddable":true,"href":"https:\/\/ushuaiaecopledge.com.ar\/en\/wp-json\/wp\/v2\/comments?post=7885"}],"version-history":[{"count":131,"href":"https:\/\/ushuaiaecopledge.com.ar\/en\/wp-json\/wp\/v2\/pages\/7885\/revisions"}],"predecessor-version":[{"id":8477,"href":"https:\/\/ushuaiaecopledge.com.ar\/en\/wp-json\/wp\/v2\/pages\/7885\/revisions\/8477"}],"wp:attachment":[{"href":"https:\/\/ushuaiaecopledge.com.ar\/en\/wp-json\/wp\/v2\/media?parent=7885"}],"curies":[{"name":"wp","href":"https:\/\/api.w.org\/{rel}","templated":true}]}}